{"id":78,"date":"2022-01-14T17:42:02","date_gmt":"2022-01-14T16:42:02","guid":{"rendered":"http:\/\/194.164.126.210\/?page_id=78"},"modified":"2026-03-10T15:02:28","modified_gmt":"2026-03-10T14:02:28","slug":"reserver","status":"publish","type":"page","link":"https:\/\/domainedelafaisanderie.com\/en\/reserver\/","title":{"rendered":"Book"},"content":{"rendered":"<div class=\"wp-block-columns is-layout-flex wp-container-core-columns-is-layout-9d6595d7 wp-block-columns-is-layout-flex\">\n<div class=\"wp-block-column is-layout-flow wp-block-column-is-layout-flow\"><\/div>\n<\/div>\n\n\n\n<div class=\"wp-block-columns is-layout-flex wp-container-core-columns-is-layout-9d6595d7 wp-block-columns-is-layout-flex\">\n<div class=\"wp-block-column is-layout-flow wp-block-column-is-layout-flow\">\n<div class=\"wp-block-columns is-layout-flex wp-container-core-columns-is-layout-9d6595d7 wp-block-columns-is-layout-flex\">\n<div class=\"wp-block-column is-layout-flow wp-block-column-is-layout-flow\" style=\"flex-basis:25%\"><\/div>\n\n\n\n<div class=\"wp-block-column is-layout-flow wp-block-column-is-layout-flow\" style=\"flex-basis:50%\"><\/div>\n\n\n\n<div class=\"wp-block-column is-layout-flow wp-block-column-is-layout-flow\" style=\"flex-basis:25%\"><\/div>\n<\/div>\n<\/div>\n<\/div>\n\n\n\n<div class=\"wp-block-columns is-layout-flex wp-container-core-columns-is-layout-9d6595d7 wp-block-columns-is-layout-flex\">\n<div class=\"wp-block-column is-layout-flow wp-block-column-is-layout-flow\" style=\"flex-basis:25%\"><\/div>\n\n\n\n<div class=\"wp-block-column is-layout-flow wp-block-column-is-layout-flow\" style=\"flex-basis:50%\"><\/div>\n\n\n\n<div class=\"wp-block-column is-layout-flow wp-block-column-is-layout-flow\" style=\"flex-basis:25%\"><\/div>\n<\/div>\n\n\n\n<div class=\"wp-block-columns is-layout-flex wp-container-core-columns-is-layout-9d6595d7 wp-block-columns-is-layout-flex\">\n<div class=\"wp-block-column is-layout-flow wp-block-column-is-layout-flow\"><\/div>\n<\/div>\n\n\n\n<div class=\"wp-block-columns is-layout-flex wp-container-core-columns-is-layout-9d6595d7 wp-block-columns-is-layout-flex\">\n<div class=\"wp-block-column is-layout-flow wp-block-column-is-layout-flow\" style=\"flex-basis:25%\"><\/div>\n\n\n\n<div class=\"wp-block-column is-layout-flow wp-block-column-is-layout-flow\" style=\"flex-basis:50%\">\n<p class=\"has-vivid-cyan-blue-color has-text-color\" style=\"font-size:14px\"><strong>Online payment method :<\/strong> Credit card, paypal<\/p>\n\n\n\n<p class=\"has-vivid-cyan-blue-color has-text-color\" style=\"font-size:14px\"><strong>Autres modes de paiements accept\u00e9s :<\/strong>  Ch\u00e8que, virement, ch\u00e8que vacances ANCV (nous contacter).<\/p>\n\n\n\n<p class=\"has-vivid-cyan-blue-color has-text-color\" style=\"font-size:14px\"><strong>Tourist tax not included: <\/strong> 0,80 cts par jour et par personne de plus de 18 ans<\/p>\n\n\n\n<p class=\"has-vivid-cyan-blue-color has-text-color\" style=\"font-size:14px\"><strong>Minimum booking period : <\/strong> 3 nights<\/p>\n\n\n\n<p class=\"has-vivid-cyan-blue-color has-text-color\" style=\"font-size:14px\"><strong>Day of arrival <\/strong>: Saturday in July and August <\/p>\n\n\n\n<p class=\"has-vivid-cyan-blue-color has-text-color\" style=\"font-size:14px\"><strong>Day of departure : <\/strong> : Saturday in July and August  <\/p>\n\n\n\n<p class=\"has-vivid-cyan-blue-color has-text-color\" style=\"font-size:14px\">5% discount for bookings of more than 14 nights <\/p>\n\n\n\n<p class=\"has-vivid-cyan-blue-color has-text-color\" style=\"font-size:14px\">Optional cleaning = 50 \u20ac.<\/p>\n\n\n\n<p class=\"has-vivid-cyan-blue-color has-text-color\" style=\"font-size:14px\"><strong>Linge de maison disponible \u00e0 la location :<\/strong><\/p>\n\n\n\n<ul style=\"font-size:14px\" class=\"wp-block-list has-vivid-cyan-blue-color has-text-color\">\n<li><strong>Lit double<\/strong> : serviettes de toilette, tapis de douche et torchon pour 2 personnes \u2013 <strong>25,00 \u20ac<\/strong><\/li>\n\n\n\n<li><strong>2 lits simples<\/strong> : serviettes de toilettes pour 2 personnes \u2013 <strong>25,00 \u20ac<\/strong><\/li>\n\n\n\n<li><strong>Lit simple<\/strong> : serviette de toilette pour 1 personne \u2013 <strong>15,00 \u20ac<\/strong><\/li>\n<\/ul>\n\n\n\n<p class=\"has-vivid-cyan-blue-color has-text-color\" style=\"font-size:14px\">Une <strong>deposit<\/strong> in the amount of <strong>300\u20ac<\/strong> est demand\u00e9e. <\/p>\n\n\n\n<p class=\"has-vivid-cyan-blue-color has-text-color\" style=\"font-size:14px\">A <strong>30% deposit <\/strong>of the final price is only possible if the booking is made at least 14 days before departure. <\/p>\n\n\n\n<p class=\"has-vivid-cyan-blue-color has-text-color\" style=\"font-size:14px\">The <strong>remaining amount<\/strong> of the deposit will be made <strong>30 jours <\/strong>before departure <\/p>\n\n\n\n<p class=\"has-vivid-cyan-blue-color has-text-color\" style=\"font-size:14px\"><strong>For specific requests (less than 3 nights, arrivals other than Saturday) please contact us directly<\/strong><\/p>\n<\/div>\n\n\n\n<div class=\"wp-block-column is-layout-flow wp-block-column-is-layout-flow\" style=\"flex-basis:25%\"><\/div>\n<\/div>","protected":false},"excerpt":{"rendered":"<p>Mode de paiement en ligne : Carte bancaire, paypal Autres modes de paiements accept\u00e9s : Ch\u00e8que, virement, ch\u00e8que vacances ANCV (nous contacter). Taxe de s\u00e9jour en sus : 0,80 cts &#8230;<\/p>","protected":false},"author":1,"featured_media":0,"parent":0,"menu_order":0,"comment_status":"closed","ping_status":"closed","template":"template-fullwidth-stretched.php","meta":{"footnotes":""},"class_list":["post-78","page","type-page","status-publish","hentry"],"_links":{"self":[{"href":"https:\/\/domainedelafaisanderie.com\/en\/wp-json\/wp\/v2\/pages\/78","targetHints":{"allow":["GET"]}}],"collection":[{"href":"https:\/\/domainedelafaisanderie.com\/en\/wp-json\/wp\/v2\/pages"}],"about":[{"href":"https:\/\/domainedelafaisanderie.com\/en\/wp-json\/wp\/v2\/types\/page"}],"author":[{"embeddable":true,"href":"https:\/\/domainedelafaisanderie.com\/en\/wp-json\/wp\/v2\/users\/1"}],"replies":[{"embeddable":true,"href":"https:\/\/domainedelafaisanderie.com\/en\/wp-json\/wp\/v2\/comments?post=78"}],"version-history":[{"count":33,"href":"https:\/\/domainedelafaisanderie.com\/en\/wp-json\/wp\/v2\/pages\/78\/revisions"}],"predecessor-version":[{"id":437,"href":"https:\/\/domainedelafaisanderie.com\/en\/wp-json\/wp\/v2\/pages\/78\/revisions\/437"}],"wp:attachment":[{"href":"https:\/\/domainedelafaisanderie.com\/en\/wp-json\/wp\/v2\/media?parent=78"}],"curies":[{"name":"wp","href":"https:\/\/api.w.org\/{rel}","templated":true}]}}