{"id":79,"date":"2022-01-14T17:42:02","date_gmt":"2022-01-14T16:42:02","guid":{"rendered":"http:\/\/194.164.126.210\/?page_id=79"},"modified":"2022-01-14T19:12:21","modified_gmt":"2022-01-14T18:12:21","slug":"contact","status":"publish","type":"page","link":"https:\/\/domainedelafaisanderie.com\/en\/contact\/","title":{"rendered":"Contact"},"content":{"rendered":"<div id=\"wppb-builder-container\" class=\"wppb-builder-container\">                <div  class=\"wppb-row-parent  wppb-row-1642183945272 \"  >\n\t\t\t\t\t\n\t\t\t\t\t\t\t\t\t\t\n\t\t\t\t\t\t\t\t\t\t\n\t\t\t\t\t<div class=\"wppb-container \">\n\t\t\t\t\t\t\t\t\t\t\t\t\t\n                        <div class=\"wppb-row\">\n\t\t\t\t\t\t\t                                    <div  class=\"wppb-column-parent wppb-column-parent-view wppb-col-1642183945270  \"  >\n                                        <div class=\"wppb-column\">\n\t\t\t\t\t\n\t\t\t\t\t\t\t\t\t\t\t\n                                            <div class=\"wppb-builder-addons\">\n\t\t\t\t\t\t\t\t\t\t\t\t<div class='wppb-builder-addon wppb-addon-1651487415737'  data-addon-id='1651487415737'><div class='wppb-addon'><div class=\"wppb-global-form-addon\"><div class=\"wppb-global-form-content  wppb-textarea-disbale-0\">            <form method=\"post\" enctype=\"multipart\/form-data\" class=\"wppb-form-addon\" data-form-id=\"1651487415737\">\r\n\t\t\t\t<input type=\"hidden\" id=\"wppb_form_nonce_field\" name=\"wppb_form_nonce_field\" value=\"08f69c1a07\" \/><input type=\"hidden\" name=\"_wp_http_referer\" value=\"\/en\/wp-json\/wp\/v2\/pages\/79\" \/>                <input type=\"hidden\" name=\"wppb_form_data\" value=\"{&quot;addon_id&quot;:1651487415737,&quot;page_id&quot;:79}\">\r\n                <div class=\"wppb-form-msg\"><\/div>\r\n                <div class=\"wppb-form-field-item-wrap\">\r\n\t\t\t\t\t                        <div class=\"wppb-form-field-repeat repeater-0\">\r\n                            <div class=\"wppb-form-field-wrap\">\r\n\t\t\t\t\t\t\t\t\t\t\t\t\t\t\t\t\t<label class=\"wppb-form-field-label\">Nom<span class='require-sign'>*<\/span><\/label>\r\n\t\t\t\t\t\t\t\t\t\t\t\t\t\t\t\t\t\t\t\t\t\t\t\t\t \n<span class=\"wppb-form-field-item wppb-form-field-input\">\n    <input type=\"text\" name=\"wppb_default_form[0]\"  placeholder=\"Nom\" data-required=\"true\" data-label=\"Nom\"  >\n<\/span>\t\t\t\t\t\t\t\t                            <\/div>\r\n                        <\/div>\r\n\t\t\t\t\t\t                        <div class=\"wppb-form-field-repeat repeater-1\">\r\n                            <div class=\"wppb-form-field-wrap\">\r\n\t\t\t\t\t\t\t\t\t\t\t\t\t\t\t\t\t<label class=\"wppb-form-field-label\">Prenom<span class='require-sign'>*<\/span><\/label>\r\n\t\t\t\t\t\t\t\t\t\t\t\t\t\t\t\t\t\t\t\t\t\t\t\t\t \n<span class=\"wppb-form-field-item wppb-form-field-input\">\n    <input type=\"text\" name=\"wppb_default_form[1]\"  placeholder=\"Prenom\" data-required=\"true\" data-label=\"Prenom\"  >\n<\/span>\t\t\t\t\t\t\t\t                            <\/div>\r\n                        <\/div>\r\n\t\t\t\t\t\t                        <div class=\"wppb-form-field-repeat repeater-2\">\r\n                            <div class=\"wppb-form-field-wrap\">\r\n\t\t\t\t\t\t\t\t\t\t\t\t\t\t\t\t\t<label class=\"wppb-form-field-label\">Email<span class='require-sign'>*<\/span><\/label>\r\n\t\t\t\t\t\t\t\t\t\t\t\t\t\t\t\t\t\t\t\t\t\t\t\t\t\n<span class=\"wppb-form-field-item wppb-form-field-email\">\n    <input type=\"email\" name=\"wppb_default_form[2]\"  placeholder=\"Email\" data-required=\"true\" data-label=\"Email\" >\n<\/span>\t\t\t\t\t\t\t\t                            <\/div>\r\n                        <\/div>\r\n\t\t\t\t\t\t                        <div class=\"wppb-form-field-repeat repeater-3\">\r\n                            <div class=\"wppb-form-field-wrap\">\r\n\t\t\t\t\t\t\t\t\t\t\t\t\t\t\t\t\t<label class=\"wppb-form-field-label\">T\u00e9l\u00e9phone<span class='require-sign'>*<\/span><\/label>\r\n\t\t\t\t\t\t\t\t\t\t\t\t\t\t\t\t\t\t\t\t\t\t\t\t\t \n<span class=\"wppb-form-field-item wppb-form-field-input\">\n    <input type=\"text\" name=\"wppb_default_form[3]\"  placeholder=\"T\u00e9l\u00e9phone\" data-required=\"true\" data-label=\"T\u00e9l\u00e9phone\"  >\n<\/span>\t\t\t\t\t\t\t\t                            <\/div>\r\n                        <\/div>\r\n\t\t\t\t\t\t                        <div class=\"wppb-form-field-repeat repeater-4\">\r\n                            <div class=\"wppb-form-field-wrap\">\r\n\t\t\t\t\t\t\t\t\t\t\t\t\t\t\t\t\t<label class=\"wppb-form-field-label\">D\u00e9crivez votre demande, nombre personnes, dates du s\u00e9jour<span class='require-sign'>*<\/span><\/label>\r\n\t\t\t\t\t\t\t\t\t\t\t\t\t\t\t\t\t\t\t\t\t\t\t\t\t<span class=\"wppb-form-field-item wppb-form-field-textarea\">\n    <textarea name=\"wppb_default_form[4]\"  placeholder=\"D\u00e9crivez votre demande, nombre personnes, dates du s\u00e9jour\" data-required=\"true\" data-label=\"D\u00e9crivez votre demande, nombre personnes, dates du s\u00e9jour\"  ><\/textarea>\n<\/span>\t\t\t\t\t\t\t\t                            <\/div>\r\n                        <\/div>\r\n\t\t\t\t\t\t                <\/div>\r\n\r\n\t\t\t\t\r\n\t\t\t\t                    <div class=\"wppb-form-google-recaptcha google_recaptcha_wrap\">\r\n                        <div class=\"g-recaptcha\" data-sitekey=\"6LeqQhAcAAAAAIzNFoI3IL-ZGZ-8TNd7fJgjVE84\"><\/div>\r\n                    <\/div>\r\n\t\t\t\t\t\r\n\t\t\t\t\r\n                <div class=\"wppb_form_addon_submit_btn_wrap wppb-form-btn-wrap\">\r\n                    <button class=\"wppb-btn-forms wppb_form_addon_submit  wppb-btn-no\" type=\"submit\"> <span>Submit Form<\/span> <\/button>\r\n                <\/div>\r\n\r\n                <div class=\"wppb_form_response\"><\/div>\r\n            <\/form>\r\n\r\n\t\t\t<\/div><\/div><\/div><\/div>                                            <\/div>\n                                        <\/div>\n                                    <\/div>\n\t\t\t\t\t\t\t\t\t                                    <div  class=\"wppb-column-parent wppb-column-parent-view wppb-col-1651487397446  \"  >\n                                        <div class=\"wppb-column\">\n\t\t\t\t\t\n\t\t\t\t\t\t\t\t\t\t\t\n                                            <div class=\"wppb-builder-addons\">\n\t\t\t\t\t\t\t\t\t\t\t\t<div class='wppb-builder-addon wppb-widget-1642184378347 wppb-addon-1642184378347'  data-addon-id='1642184378347'><div class='wppb-widget'><div class=\"textwidget custom-html-widget\"><iframe src=\"https:\/\/www.google.com\/maps\/embed?pb=!1m18!1m12!1m3!1d2628.840940463353!2d-1.5648981841613931!3d48.784926813830275!2m3!1f0!2f0!3f0!3m2!1i1024!2i768!4f13.1!3m3!1m2!1s0x480c1cab741c7437%3A0x78903fd68dcf9a08!2s154%20Rue%20de%20la%20Faisanderie%2C%2050380%20Saint-Pair-sur-Mer!5e0!3m2!1sfr!2sfr!4v1642184303987!5m2!1sfr!2sfr\" width=\"600\" height=\"450\"\r\nstyle=\"border:0;margin-top:71px;margin-left:10px;\"\r\nallowfullscreen=\"\" loading=\"lazy\"><\/iframe><\/div><\/div><\/div>                                            <\/div>\n                                        <\/div>\n                                    <\/div>\n\t\t\t\t\t\t\t\t\t                                    <div  class=\"wppb-column-parent wppb-column-parent-view wppb-col-1642183945271  \"  >\n                                        <div class=\"wppb-column\">\n\t\t\t\t\t\n\t\t\t\t\t\t\t\t\t\t\t\n                                            <div class=\"wppb-builder-addons\">\n\t\t\t\t\t\t\t\t\t\t\t\t<div class='wppb-builder-addon wppb-addon-1642184547859'  data-addon-id='1642184547859'><div class='wppb-addon'><div class=\"wppb-text-block-addon\"><div class=\"wppb-text-block-content 0\"><div style=\"text-align: center\"><p><span style=\"text-decoration: underline;font-size: 12pt\">Contact :<\/span><\/p><p>154 rue de la faisanderie<\/p><\/div><div style=\"text-align: center\">Batiment Etoile de Mer,<\/div><div style=\"text-align: center\">Logement n\u00b02<\/div><div style=\"text-align: center\">50380 Saint-Pair-sur-Mer<br \/><em>06.10.61.12.12<\/em><br \/><span style=\"text-decoration: underline;color: #017dd2\">contact@domainedelafaisanderie.com<\/span><\/div><\/div><\/div><\/div><\/div>                                            <\/div>\n                                        <\/div>\n                                    <\/div>\n\t\t\t\t\t\t\t\t\t                        <\/div>\n\n                    <\/div>\n                <\/div>\n\t\t\t\t<\/div>","protected":false},"excerpt":{"rendered":"<p>Nom* Prenom* Email* T\u00e9l\u00e9phone* D\u00e9crivez votre demande, nombre personnes, dates du s\u00e9jour* Submit Form Contact :154 rue de la faisanderieBatiment Etoile de Mer,Logement n\u00b0250380 Saint-Pair-sur-Mer06.10.61.12.12contact@domainedelafaisanderie.com<\/p>","protected":false},"author":1,"featured_media":0,"parent":0,"menu_order":0,"comment_status":"closed","ping_status":"closed","template":"template-fullwidth-stretched.php","meta":{"footnotes":""},"class_list":["post-79","page","type-page","status-publish","hentry"],"_links":{"self":[{"href":"https:\/\/domainedelafaisanderie.com\/en\/wp-json\/wp\/v2\/pages\/79","targetHints":{"allow":["GET"]}}],"collection":[{"href":"https:\/\/domainedelafaisanderie.com\/en\/wp-json\/wp\/v2\/pages"}],"about":[{"href":"https:\/\/domainedelafaisanderie.com\/en\/wp-json\/wp\/v2\/types\/page"}],"author":[{"embeddable":true,"href":"https:\/\/domainedelafaisanderie.com\/en\/wp-json\/wp\/v2\/users\/1"}],"replies":[{"embeddable":true,"href":"https:\/\/domainedelafaisanderie.com\/en\/wp-json\/wp\/v2\/comments?post=79"}],"version-history":[{"count":2,"href":"https:\/\/domainedelafaisanderie.com\/en\/wp-json\/wp\/v2\/pages\/79\/revisions"}],"predecessor-version":[{"id":173,"href":"https:\/\/domainedelafaisanderie.com\/en\/wp-json\/wp\/v2\/pages\/79\/revisions\/173"}],"wp:attachment":[{"href":"https:\/\/domainedelafaisanderie.com\/en\/wp-json\/wp\/v2\/media?parent=79"}],"curies":[{"name":"wp","href":"https:\/\/api.w.org\/{rel}","templated":true}]}}